{"id":44,"date":"2015-10-29T14:34:54","date_gmt":"2015-10-29T14:34:54","guid":{"rendered":"http:\/\/regeneracjaglowic.com\/?page_id=44"},"modified":"2022-07-31T21:47:49","modified_gmt":"2022-07-31T21:47:49","slug":"cennik","status":"publish","type":"page","link":"http:\/\/regeneracjaglowic.com\/?page_id=44","title":{"rendered":"Cennik"},"content":{"rendered":"<table width=\"100%\" cellspacing=\"0\" cellpadding=\"4\">\n<colgroup>\n<col width=\"128*\" \/>\n<col width=\"128*\" \/> <\/colgroup>\n<tbody>\n<tr valign=\"top\">\n<td width=\"50%\">Mycie g\u0142owicy<\/td>\n<td style=\"text-align: center;\" width=\"50%\"><span style=\"color: #800000;\">40-100z\u0142<\/span><\/td>\n<\/tr>\n<tr valign=\"top\">\n<td width=\"50%\">Weryfikacja g\u0142owicy<\/td>\n<td style=\"text-align: center;\" width=\"50%\"><span style=\"color: #800000;\">30-200z\u0142<\/span><\/td>\n<\/tr>\n<tr valign=\"top\">\n<td width=\"50%\">Szczelno\u015b\u0107 p\u0142aszcza wodnego<\/td>\n<td style=\"text-align: center;\" width=\"50%\"><span style=\"color: #800000;\">50-500z\u0142<\/span><\/td>\n<\/tr>\n<tr valign=\"top\">\n<td width=\"50%\">Przeciskanie prowadnic zaworowych<\/td>\n<td style=\"text-align: center;\" width=\"50%\"><span style=\"color: #800000;\">5-20z\u0142<\/span><\/td>\n<\/tr>\n<tr valign=\"top\">\n<td width=\"50%\">Wymiana uszczelniaczy zaworowych<\/td>\n<td style=\"text-align: center;\" width=\"50%\"><span style=\"color: #800000;\">3-8z\u0142<\/span><\/td>\n<\/tr>\n<tr valign=\"top\">\n<td width=\"50%\">Szlif gniazda zaworowego<\/td>\n<td style=\"text-align: center;\" width=\"50%\"><span style=\"color: #800000;\">15-30z\u0142<\/span><\/td>\n<\/tr>\n<tr valign=\"top\">\n<td width=\"50%\">Szlif zaworu<\/td>\n<td style=\"text-align: center;\" width=\"50%\"><span style=\"color: #800000;\">10-20z\u0142<\/span><\/td>\n<\/tr>\n<tr valign=\"top\">\n<td width=\"50%\">Docieranie zaworu<\/td>\n<td style=\"text-align: center;\" width=\"50%\"><span style=\"color: #800000;\">5-10z\u0142<\/span><\/td>\n<\/tr>\n<tr valign=\"top\">\n<td width=\"50%\">Szlif p\u0142aszczyzny g\u0142owicy<\/td>\n<td style=\"text-align: center;\" width=\"50%\"><span style=\"color: #800000;\">50-400z\u0142<\/span><\/td>\n<\/tr>\n<tr valign=\"top\">\n<td width=\"50%\">Ustawianie luz\u00f3w zaworowych<\/td>\n<td style=\"text-align: center;\" width=\"50%\"><span style=\"color: #800000;\">80-300z\u0142 za kpl.<\/span><\/td>\n<\/tr>\n<tr valign=\"top\">\n<td width=\"50%\">Wiercenie szpilek, \u015bwiec, wtryskiwaczy<\/td>\n<td style=\"text-align: center;\" width=\"50%\"><span style=\"color: #800000;\">50-250z\u0142<\/span><\/td>\n<\/tr>\n<tr valign=\"top\">\n<td width=\"50%\">Wstawienie gniazda pompowtryskiwacza<\/td>\n<td style=\"text-align: center;\" width=\"50%\"><span style=\"color: #800000;\">130z\u0142<\/span><\/td>\n<\/tr>\n<tr valign=\"top\">\n<td width=\"50%\">Dorobienie prowadnicy na wymiar<\/td>\n<td style=\"text-align: center;\" width=\"50%\"><span style=\"color: #800000;\">20-80z\u0142<\/span><\/td>\n<\/tr>\n<tr valign=\"top\">\n<td width=\"50%\">Dorobienie i wstawianie gniazda zaworowego<\/td>\n<td style=\"text-align: center;\" width=\"50%\"><span style=\"color: #800000;\">50-150z\u0142<\/span><\/td>\n<\/tr>\n<tr valign=\"top\">\n<td width=\"50%\">Spawanie g\u0142owicy aluminiowej<\/td>\n<td style=\"text-align: center;\" width=\"50%\"><span style=\"color: #800000;\">100-500z\u0142 za jedno p\u0119kni\u0119cie<\/span><\/td>\n<\/tr>\n<\/tbody>\n<\/table>\n<p>Podane kwoty s\u0105 cenami netto i s\u0105 to warto\u015bci orientacyjne. <br \/>Ka\u017cda g\u0142owica jest weryfikowana i wyceniana indywidualnie.<\/p>\n","protected":false},"excerpt":{"rendered":"<p>Mycie g\u0142owicy 40-100z\u0142 Weryfikacja g\u0142owicy 30-200z\u0142 Szczelno\u015b\u0107 p\u0142aszcza wodnego 50-500z\u0142 Przeciskanie prowadnic zaworowych 5-20z\u0142 Wymiana uszczelniaczy zaworowych 3-8z\u0142 Szlif gniazda zaworowego 15-30z\u0142 Szlif zaworu 10-20z\u0142 Docieranie zaworu 5-10z\u0142 Szlif p\u0142aszczyzny g\u0142owicy 50-400z\u0142 Ustawianie luz\u00f3w zaworowych 80-300z\u0142 za kpl. Wiercenie szpilek, \u015bwiec, wtryskiwaczy 50-250z\u0142 Wstawienie gniazda pompowtryskiwacza 130z\u0142 Dorobienie prowadnicy na wymiar 20-80z\u0142 Dorobienie i wstawianie gniazda zaworowego 50-150z\u0142 Spawanie g\u0142owicy aluminiowej 100-500z\u0142 za jedno p\u0119kni\u0119cie Podane kwoty s\u0105 cenami netto i s\u0105 to warto\u015bci orientacyjne. Ka\u017cda g\u0142owica jest weryfikowana i wyceniana indywidualnie.<\/p>\n","protected":false},"author":1,"featured_media":140,"parent":0,"menu_order":0,"comment_status":"closed","ping_status":"closed","template":"","meta":{"footnotes":""},"class_list":["post-44","page","type-page","status-publish","has-post-thumbnail","hentry","wp-image-borders","et-bg-layout-dark","et-white-bg"],"_links":{"self":[{"href":"http:\/\/regeneracjaglowic.com\/index.php?rest_route=\/wp\/v2\/pages\/44","targetHints":{"allow":["GET"]}}],"collection":[{"href":"http:\/\/regeneracjaglowic.com\/index.php?rest_route=\/wp\/v2\/pages"}],"about":[{"href":"http:\/\/regeneracjaglowic.com\/index.php?rest_route=\/wp\/v2\/types\/page"}],"author":[{"embeddable":true,"href":"http:\/\/regeneracjaglowic.com\/index.php?rest_route=\/wp\/v2\/users\/1"}],"replies":[{"embeddable":true,"href":"http:\/\/regeneracjaglowic.com\/index.php?rest_route=%2Fwp%2Fv2%2Fcomments&post=44"}],"version-history":[{"count":9,"href":"http:\/\/regeneracjaglowic.com\/index.php?rest_route=\/wp\/v2\/pages\/44\/revisions"}],"predecessor-version":[{"id":190,"href":"http:\/\/regeneracjaglowic.com\/index.php?rest_route=\/wp\/v2\/pages\/44\/revisions\/190"}],"wp:featuredmedia":[{"embeddable":true,"href":"http:\/\/regeneracjaglowic.com\/index.php?rest_route=\/wp\/v2\/media\/140"}],"wp:attachment":[{"href":"http:\/\/regeneracjaglowic.com\/index.php?rest_route=%2Fwp%2Fv2%2Fmedia&parent=44"}],"curies":[{"name":"wp","href":"https:\/\/api.w.org\/{rel}","templated":true}]}}