{"id":38,"date":"2015-10-29T14:26:57","date_gmt":"2015-10-29T14:26:57","guid":{"rendered":"http:\/\/regeneracjaglowic.com\/?page_id=38"},"modified":"2019-03-06T09:27:49","modified_gmt":"2019-03-06T09:27:49","slug":"oferta","status":"publish","type":"page","link":"http:\/\/regeneracjaglowic.com\/?page_id=38","title":{"rendered":"Oferta"},"content":{"rendered":"<ul>\n<li>Mycie g\u0142owicy<\/li>\n<li>Monta\u017c i weryfikacja g\u0142owicy<\/li>\n<li>Dorabianie prowadnic i gniazd zaworowych<\/li>\n<li>Przeciskanie prowadnic i gniazd zaworowych<\/li>\n<li>Szczelno\u015b\u0107 p\u0142aszcza wodnego g\u0142owicy<\/li>\n<li>Szlif gniazd<\/li>\n<li>Docieranie gniazd<\/li>\n<li>Szlif zawor\u00f3w<\/li>\n<li>Szlif p\u0142aszczyzny g\u0142owicy<\/li>\n<li>Ustawianie luz\u00f3w zaworowych<\/li>\n<li>Wiercenie urwanych szpilek,\u015bwiec \u017carowych,wtryskiwaczy itp.<\/li>\n<li>Spawanie g\u0142owic aluminiowych<\/li>\n<li>Wstawianie tulei pompowtryskiwaczy w grupie Volkswagena<\/li>\n<li>Skup i sprzeda\u017c g\u0142owic<\/li>\n<\/ul>\n","protected":false},"excerpt":{"rendered":"<p>Mycie g\u0142owicy Monta\u017c i weryfikacja g\u0142owicy Dorabianie prowadnic i gniazd zaworowych Przeciskanie prowadnic i gniazd zaworowych Szczelno\u015b\u0107 p\u0142aszcza wodnego g\u0142owicy Szlif gniazd Docieranie gniazd Szlif zawor\u00f3w Szlif p\u0142aszczyzny g\u0142owicy Ustawianie luz\u00f3w zaworowych Wiercenie urwanych szpilek,\u015bwiec \u017carowych,wtryskiwaczy itp. Spawanie g\u0142owic aluminiowych Wstawianie tulei pompowtryskiwaczy w grupie Volkswagena Skup i sprzeda\u017c g\u0142owic<\/p>\n","protected":false},"author":1,"featured_media":141,"parent":0,"menu_order":0,"comment_status":"closed","ping_status":"closed","template":"","meta":{"footnotes":""},"class_list":["post-38","page","type-page","status-publish","has-post-thumbnail","hentry","wp-image-borders","et-bg-layout-dark","et-white-bg"],"_links":{"self":[{"href":"http:\/\/regeneracjaglowic.com\/index.php?rest_route=\/wp\/v2\/pages\/38","targetHints":{"allow":["GET"]}}],"collection":[{"href":"http:\/\/regeneracjaglowic.com\/index.php?rest_route=\/wp\/v2\/pages"}],"about":[{"href":"http:\/\/regeneracjaglowic.com\/index.php?rest_route=\/wp\/v2\/types\/page"}],"author":[{"embeddable":true,"href":"http:\/\/regeneracjaglowic.com\/index.php?rest_route=\/wp\/v2\/users\/1"}],"replies":[{"embeddable":true,"href":"http:\/\/regeneracjaglowic.com\/index.php?rest_route=%2Fwp%2Fv2%2Fcomments&post=38"}],"version-history":[{"count":2,"href":"http:\/\/regeneracjaglowic.com\/index.php?rest_route=\/wp\/v2\/pages\/38\/revisions"}],"predecessor-version":[{"id":187,"href":"http:\/\/regeneracjaglowic.com\/index.php?rest_route=\/wp\/v2\/pages\/38\/revisions\/187"}],"wp:featuredmedia":[{"embeddable":true,"href":"http:\/\/regeneracjaglowic.com\/index.php?rest_route=\/wp\/v2\/media\/141"}],"wp:attachment":[{"href":"http:\/\/regeneracjaglowic.com\/index.php?rest_route=%2Fwp%2Fv2%2Fmedia&parent=38"}],"curies":[{"name":"wp","href":"https:\/\/api.w.org\/{rel}","templated":true}]}}